{"id":334,"date":"2024-12-21T11:57:10","date_gmt":"2024-12-21T11:57:10","guid":{"rendered":"https:\/\/referidos-tesla.com\/starte\/"},"modified":"2025-05-26T19:14:22","modified_gmt":"2025-05-26T19:14:22","slug":"starte","status":"publish","type":"page","link":"https:\/\/referidos-tesla.com\/da\/","title":{"rendered":"Starte"},"content":{"rendered":"\n<div class=\"wp-block-group alignfull hostinger-ai-hero-1 hostinger-ai-fade-up has-color-1-background-color has-background has-global-padding is-layout-constrained wp-block-group-is-layout-constrained\">\n<div class=\"wp-block-group alignwide hostinger-ai-fade-up is-layout-grid wp-container-core-group-is-layout-b2a6df44 wp-block-group-is-layout-grid\" style=\"padding-top:var(--wp--preset--spacing--60);padding-bottom:var(--wp--preset--spacing--60)\">\n<div class=\"wp-block-group hostinger-ai-fade-up wp-container-content-5e2576f9 is-vertical is-content-justification-left is-nowrap is-layout-flex wp-container-core-group-is-layout-e445e5de wp-block-group-is-layout-flex\">\n<h1 class=\"wp-block-heading has-xx-large-font-size\">TESLA-HENVISNINGER<\/h1>\n\n\n\n<h2 class=\"wp-block-heading hostinger-ai-title has-dark-color has-text-color has-link-color has-x-large-font-size wp-elements-b21f9f073205d10f998b85e44c156241\" style=\"margin-top:0;margin-right:0;margin-bottom:0;margin-left:0\">Udnyt din rabat<\/h2>\n\n\n\n<p class=\"hostinger-ai-description has-dark-color has-text-color has-link-color has-medium-font-size wp-elements-d7a4649636c582089250f2dd550c020f\" style=\"margin-top:0;margin-bottom:var(--wp--preset--spacing--50)\">F\u00e5 3.500 kr. rabat p\u00e5 din nye Tesla med vores henvisningskode.<\/p>\n\n\n\n<div class=\"wp-block-buttons is-layout-flex wp-block-buttons-is-layout-flex\">\n<div class=\"wp-block-button hostinger-ai-cta-button hostinger-index-0 is-style-outline is-style-outline--1\"><a class=\"wp-block-button__link has-light-color has-vivid-red-background-color has-text-color has-background has-link-color has-border-color has-dark-border-color has-large-font-size has-custom-font-size wp-element-button\" href=\"https:\/\/ts.la\/matthew38284\" style=\"padding-top:var(--wp--preset--spacing--30);padding-right:var(--wp--preset--spacing--70);padding-bottom:var(--wp--preset--spacing--30);padding-left:var(--wp--preset--spacing--70)\" target=\"_blank\" rel=\"noreferrer noopener\">Tesla-henvisningskode<\/a><\/div>\n<\/div>\n<\/div>\n\n\n\n<div class=\"wp-block-group hostinger-ai-fade-up has-global-padding is-layout-constrained wp-block-group-is-layout-constrained\">\n<figure class=\"wp-block-image size-full has-custom-border hostinger-ai-image\"><img decoding=\"async\" width=\"1200\" height=\"674\" src=\"https:\/\/referidos-tesla.com\/wp-content\/uploads\/referidos-tesla-codigo-descuento-500.jpeg\" alt=\"\" class=\"wp-image-33\" style=\"border-radius:8px\" srcset=\"https:\/\/referidos-tesla.com\/wp-content\/uploads\/referidos-tesla-codigo-descuento-500.jpeg 1200w, https:\/\/referidos-tesla.com\/wp-content\/uploads\/referidos-tesla-codigo-descuento-500-300x169.jpeg 300w, https:\/\/referidos-tesla.com\/wp-content\/uploads\/referidos-tesla-codigo-descuento-500-1024x575.jpeg 1024w, https:\/\/referidos-tesla.com\/wp-content\/uploads\/referidos-tesla-codigo-descuento-500-768x431.jpeg 768w\" sizes=\"(max-width: 1200px) 100vw, 1200px\" \/><\/figure>\n<\/div>\n<\/div>\n<\/div>\n\n<div class=\"wp-block-group alignwide hostinger-ai-about-us-4 hostinger-ai-fade-up has-global-padding is-layout-constrained wp-block-group-is-layout-constrained\" style=\"padding-top:0;padding-bottom:0\">\n<div class=\"wp-block-group alignwide hostinger-ai-fade-up is-nowrap is-layout-flex wp-container-core-group-is-layout-4ac5639c wp-block-group-is-layout-flex\" style=\"margin-bottom:0;padding-top:0;padding-bottom:var(--wp--preset--spacing--30)\">\n<div class=\"wp-block-columns is-layout-flex wp-container-core-columns-is-layout-28f84493 wp-block-columns-is-layout-flex\">\n<div class=\"wp-block-column is-layout-flow wp-block-column-is-layout-flow\" style=\"flex-basis:50%\">\n<h2 class=\"wp-block-heading hostinger-ai-title has-x-large-font-size\" style=\"margin-bottom:0\">Tesla-henvisninger<\/h2>\n<\/div>\n\n\n\n<div class=\"wp-block-column is-vertically-aligned-center has-small-font-size has-global-padding is-layout-constrained wp-block-column-is-layout-constrained\" style=\"flex-basis:50%\">\n<p class=\"hostinger-ai-description has-medium-font-size\">Vi tilbyder <strong>henvisningskoder til rabatter<\/strong> p\u00e5 k\u00f8b af Tesla-biler, samt information om modeller og priser. Udnyt den <strong>direkte rabat<\/strong>! <\/p>\n\n\n\n<div class=\"wp-block-buttons is-layout-flex wp-block-buttons-is-layout-flex\" style=\"margin-top:var(--wp--preset--spacing--50)\">\n<div class=\"wp-block-button hostinger-ai-cta-button hostinger-index-0 is-style-outline is-style-outline--2\"><a class=\"wp-block-button__link has-light-color has-vivid-red-background-color has-text-color has-background has-link-color has-border-color has-dark-border-color has-large-font-size has-custom-font-size wp-element-button\" href=\"https:\/\/ts.la\/matthew38284\" style=\"padding-top:var(--wp--preset--spacing--30);padding-right:var(--wp--preset--spacing--70);padding-bottom:var(--wp--preset--spacing--30);padding-left:var(--wp--preset--spacing--70)\" target=\"_blank\" rel=\"noreferrer noopener\">Tesla Direkte Rabat<\/a><\/div>\n<\/div>\n<\/div>\n<\/div>\n<\/div>\n\n\n\n<div class=\"wp-block-group alignwide image-row hostinger-ai-fade-up is-layout-grid wp-container-core-group-is-layout-5b0c00eb wp-block-group-is-layout-grid\" style=\"margin-bottom:0;padding-top:var(--wp--preset--spacing--30)\">\n<figure class=\"wp-block-image size-full has-custom-border hostinger-ai-image hostinger-index-6\"><img decoding=\"async\" width=\"900\" height=\"591\" src=\"https:\/\/referidos-tesla.com\/wp-content\/uploads\/Tesla-Model-X-referidos-descuento.jpeg\" alt=\"\" class=\"wp-image-50\" style=\"border-radius:8px\" srcset=\"https:\/\/referidos-tesla.com\/wp-content\/uploads\/Tesla-Model-X-referidos-descuento.jpeg 900w, https:\/\/referidos-tesla.com\/wp-content\/uploads\/Tesla-Model-X-referidos-descuento-300x197.jpeg 300w, https:\/\/referidos-tesla.com\/wp-content\/uploads\/Tesla-Model-X-referidos-descuento-768x504.jpeg 768w\" sizes=\"(max-width: 900px) 100vw, 900px\" \/><\/figure>\n\n\n\n<figure class=\"wp-block-image alignfull size-full has-custom-border hostinger-ai-image hostinger-index-7\"><img decoding=\"async\" width=\"900\" height=\"567\" src=\"https:\/\/referidos-tesla.com\/wp-content\/uploads\/Tesla-Model-Y-referidos-descuento.jpeg\" alt=\"\" class=\"wp-image-49\" style=\"border-radius:8px\" srcset=\"https:\/\/referidos-tesla.com\/wp-content\/uploads\/Tesla-Model-Y-referidos-descuento.jpeg 900w, https:\/\/referidos-tesla.com\/wp-content\/uploads\/Tesla-Model-Y-referidos-descuento-300x189.jpeg 300w, https:\/\/referidos-tesla.com\/wp-content\/uploads\/Tesla-Model-Y-referidos-descuento-768x484.jpeg 768w\" sizes=\"(max-width: 900px) 100vw, 900px\" \/><\/figure>\n<\/div>\n<\/div>\n\n<figure class=\"wp-block-image alignwide size-large has-custom-border\"><img decoding=\"async\" width=\"1024\" height=\"376\" src=\"https:\/\/referidos-tesla.com\/wp-content\/uploads\/Model-Y-2-Redesigned-Desktop-1024x376.avif\" alt=\"den nye Tesla Model Y\" class=\"wp-image-148\" style=\"border-radius:10px\" srcset=\"https:\/\/referidos-tesla.com\/wp-content\/uploads\/Model-Y-2-Redesigned-Desktop-1024x376.avif 1024w, https:\/\/referidos-tesla.com\/wp-content\/uploads\/Model-Y-2-Redesigned-Desktop-300x110.avif 300w, https:\/\/referidos-tesla.com\/wp-content\/uploads\/Model-Y-2-Redesigned-Desktop-768x282.avif 768w, https:\/\/referidos-tesla.com\/wp-content\/uploads\/Model-Y-2-Redesigned-Desktop-1536x565.avif 1536w, https:\/\/referidos-tesla.com\/wp-content\/uploads\/Model-Y-2-Redesigned-Desktop-2048x753.avif 2048w\" sizes=\"(max-width: 1024px) 100vw, 1024px\" \/><\/figure>\n\n<div class=\"wp-block-group alignfull hostinger-ai-solid-block hostinger-ai-fade-up has-color-1-background-color has-background has-global-padding is-layout-constrained wp-block-group-is-layout-constrained\" style=\"padding-top:var(--wp--preset--spacing--60);padding-bottom:var(--wp--preset--spacing--60)\">\n<div class=\"wp-block-group alignwide hostinger-ai-fade-up is-vertical is-content-justification-center is-nowrap is-layout-flex wp-container-core-group-is-layout-4cc6ee0a wp-block-group-is-layout-flex\" style=\"min-height:0px;padding-top:0;padding-bottom:0\">\n<div class=\"wp-block-group hostinger-ai-fade-up wp-container-content-69bc4bdf has-global-padding is-content-justification-center is-layout-constrained wp-container-core-group-is-layout-78267832 wp-block-group-is-layout-constrained\">\n<h3 class=\"wp-block-heading has-text-align-center hostinger-ai-title has-dark-color has-text-color has-link-color has-x-large-font-size wp-elements-193f4d90cf7fb60346f896125df9a44d\" style=\"margin-top:0;margin-right:0;margin-bottom:0;margin-left:0\">Udnyt din rabat<\/h3>\n\n\n\n<p class=\"has-text-align-center hostinger-ai-description has-dark-color has-text-color has-link-color has-medium-font-size wp-elements-9bf641b2b548227f676a5433a869071c\" style=\"margin-top:var(--wp--preset--spacing--20);margin-bottom:var(--wp--preset--spacing--50)\">F\u00e5 3.500 kr. i rabat p\u00e5 din nye Tesla. K\u00f8b en ny Tesla, og f\u00e5 \u00f8jeblikkelig rabat p\u00e5 den endelige pris. <\/p>\n\n\n\n<div class=\"wp-block-buttons is-content-justification-center is-layout-flex wp-container-core-buttons-is-layout-a89b3969 wp-block-buttons-is-layout-flex\">\n<div class=\"wp-block-button hostinger-ai-cta-button is-style-outline is-style-outline--3\"><a class=\"wp-block-button__link has-light-color has-vivid-red-background-color has-text-color has-background has-link-color has-border-color has-dark-border-color has-large-font-size has-custom-font-size wp-element-button\" href=\"https:\/\/ts.la\/matthew38284\" style=\"padding-top:var(--wp--preset--spacing--30);padding-right:var(--wp--preset--spacing--70);padding-bottom:var(--wp--preset--spacing--30);padding-left:var(--wp--preset--spacing--70)\" target=\"_blank\" rel=\"noreferrer noopener\">Tesla-anbefalingslink<\/a><\/div>\n<\/div>\n<\/div>\n<\/div>\n<\/div>\n\n<div class=\"wp-block-group alignfull hostinger-ai-fade-up has-global-padding is-layout-constrained wp-block-group-is-layout-constrained\">\n<div class=\"wp-block-group alignwide hostinger-ai-fade-up has-global-padding is-content-justification-left is-layout-constrained wp-container-core-group-is-layout-12dd3699 wp-block-group-is-layout-constrained\">\n<h2 class=\"wp-block-heading is-style-default hostinger-ai-title has-dark-color has-text-color has-link-color has-x-large-font-size wp-elements-e465d5a2920618880058323b26c082c4\" style=\"margin-bottom:var(--wp--preset--spacing--50)\">Tesla-henvisningskoder<\/h2>\n\n\n\n<div class=\"wp-block-group alignwide hostinger-ai-fade-up is-layout-grid wp-container-core-group-is-layout-29271053 wp-block-group-is-layout-grid\">\n<div class=\"wp-block-group hostinger-ai-fade-up has-global-padding is-layout-constrained wp-container-core-group-is-layout-29a8626f wp-block-group-is-layout-constrained\" style=\"padding-top:0;padding-right:var(--wp--preset--spacing--20);padding-bottom:0;padding-left:var(--wp--preset--spacing--20)\">\n<figure class=\"wp-block-image size-full is-resized has-custom-border hostinger-ai-service-image\"><img decoding=\"async\" width=\"900\" height=\"604\" src=\"https:\/\/referidos-tesla.com\/wp-content\/uploads\/Tesla-Model-S-referidos-descuento.jpeg\" alt=\"\" class=\"wp-image-51\" style=\"border-radius:8px;width:516px;height:auto\" srcset=\"https:\/\/referidos-tesla.com\/wp-content\/uploads\/Tesla-Model-S-referidos-descuento.jpeg 900w, https:\/\/referidos-tesla.com\/wp-content\/uploads\/Tesla-Model-S-referidos-descuento-300x201.jpeg 300w, https:\/\/referidos-tesla.com\/wp-content\/uploads\/Tesla-Model-S-referidos-descuento-768x515.jpeg 768w\" sizes=\"(max-width: 900px) 100vw, 900px\" \/><\/figure>\n\n\n\n<p class=\"hostinger-ai-service-description has-dark-color has-text-color has-link-color has-medium-font-size wp-elements-b6b7bf12a71682b83af7bce05a7ecb47\" style=\"margin-top:var(--wp--preset--spacing--40)\">F\u00e5 direkte rabatter p\u00e5 3.500 kr. p\u00e5 k\u00f8b af din nye Tesla med vores kode.<\/p>\n<\/div>\n\n\n\n<div class=\"wp-block-group hostinger-ai-fade-up has-global-padding is-layout-constrained wp-container-core-group-is-layout-c9115f92 wp-block-group-is-layout-constrained\" style=\"padding-right:var(--wp--preset--spacing--20);padding-left:var(--wp--preset--spacing--20)\">\n<figure class=\"wp-block-image size-full is-resized has-custom-border hostinger-ai-service-image hostinger-index-1\"><img decoding=\"async\" width=\"900\" height=\"465\" src=\"https:\/\/referidos-tesla.com\/wp-content\/uploads\/Tesla-Model-3-referidos-descuentos.jpeg\" alt=\"\" class=\"wp-image-52\" style=\"border-radius:8px;width:516px;height:auto\" srcset=\"https:\/\/referidos-tesla.com\/wp-content\/uploads\/Tesla-Model-3-referidos-descuentos.jpeg 900w, https:\/\/referidos-tesla.com\/wp-content\/uploads\/Tesla-Model-3-referidos-descuentos-300x155.jpeg 300w, https:\/\/referidos-tesla.com\/wp-content\/uploads\/Tesla-Model-3-referidos-descuentos-768x397.jpeg 768w\" sizes=\"(max-width: 900px) 100vw, 900px\" \/><\/figure>\n\n\n\n<p class=\"hostinger-ai-service-description hostinger-index-1 has-dark-color has-text-color has-link-color has-medium-font-size wp-elements-6f671fe4ff223320844173c521af3165\" style=\"margin-top:var(--wp--preset--spacing--40)\">Udforsk detaljerede oplysninger om Tesla-modeller, priser og funktioner p\u00e5 vores hjemmeside.<\/p>\n\n\n\n<h4 class=\"wp-block-heading has-large-font-size\"><a href=\"https:\/\/referidos-tesla.com\/modelos\/\">&gt; Udforsk modellerne <br\/><\/a><a href=\"https:\/\/referidos-tesla.com\/precios\/\">&gt; Priser uden rabatter<\/a><\/h4>\n\n\n\n<p><em>*Rabatter g\u00e6lder ikke for st\u00f8tte eller tilskud, Tesla-rabatter og andre rabatter.<\/em><\/p>\n<\/div>\n<\/div>\n<\/div>\n<\/div>\n\n<div class=\"wp-block-group alignfull hostinger-ai-customer-reviews-2 hostinger-ai-fade-up has-color-2-background-color has-background has-global-padding is-layout-constrained wp-block-group-is-layout-constrained\" style=\"padding-top:var(--wp--preset--spacing--60);padding-bottom:var(--wp--preset--spacing--60)\">\n<div class=\"wp-block-columns alignwide is-layout-flex wp-container-core-columns-is-layout-28f84493 wp-block-columns-is-layout-flex\">\n<div class=\"wp-block-column is-layout-flow wp-block-column-is-layout-flow\">\n<figure class=\"wp-block-image aligncenter size-full is-resized has-custom-border hostinger-ai-testimonial-image hostinger-index-2\"><img decoding=\"async\" width=\"1200\" height=\"765\" src=\"https:\/\/referidos-tesla.com\/wp-content\/uploads\/referidos-tesla-codigo-descuento-501.jpeg\" alt=\"\" class=\"wp-image-34\" style=\"border-radius:8px;width:412px;height:auto\" srcset=\"https:\/\/referidos-tesla.com\/wp-content\/uploads\/referidos-tesla-codigo-descuento-501.jpeg 1200w, https:\/\/referidos-tesla.com\/wp-content\/uploads\/referidos-tesla-codigo-descuento-501-300x191.jpeg 300w, https:\/\/referidos-tesla.com\/wp-content\/uploads\/referidos-tesla-codigo-descuento-501-1024x653.jpeg 1024w, https:\/\/referidos-tesla.com\/wp-content\/uploads\/referidos-tesla-codigo-descuento-501-768x490.jpeg 768w\" sizes=\"(max-width: 1200px) 100vw, 1200px\" \/><\/figure>\n<\/div>\n\n\n\n<div class=\"wp-block-column is-vertically-aligned-center is-layout-flow wp-block-column-is-layout-flow\">\n<div class=\"wp-block-group hostinger-ai-fade-up wp-container-content-69bc4bdf is-vertical is-content-justification-left is-nowrap is-layout-flex wp-container-core-group-is-layout-c11d071d wp-block-group-is-layout-flex\" style=\"padding-right:0;padding-left:0\">\n<p class=\"hostinger-ai-subtitle has-light-color has-text-color has-link-color has-medium-font-size wp-elements-e82f47795f8fb457cdc7784e79147025\" style=\"margin-top:0;margin-bottom:var(--wp--preset--spacing--20)\">Kundeanmeldelser<\/p>\n\n\n\n<p class=\"hostinger-ai-testimonial-text hostinger-ai-font-bold hostinger-index-2 has-light-color has-text-color has-link-color wp-elements-05ec35aea498671686455d645e9e00b9\" style=\"margin-top:0;margin-bottom:var(--wp--preset--spacing--50);font-size:clamp(14.082px, 0.88rem + ((1vw - 3.2px) * 0.678), 21px);\">&#8220;Fantastisk oplevelse! Takket v\u00e6re henvisningskoderne fik jeg 3.500 kr. i rabat p\u00e5 min nye Tesla. Jeg anbefaler alle at pr\u00f8ve det!&#8221;  <\/p>\n<\/div>\n<\/div>\n<\/div>\n<\/div>\n\n<div class=\"wp-block-buttons has-custom-font-size has-large-font-size is-content-justification-center is-layout-flex wp-container-core-buttons-is-layout-f00647b7 wp-block-buttons-is-layout-flex\" style=\"border-width:2px;margin-top:var(--wp--preset--spacing--80);margin-bottom:var(--wp--preset--spacing--80);padding-top:0;padding-right:0;padding-bottom:0;padding-left:0\">\n<div class=\"wp-block-button is-style-fill\"><a class=\"wp-block-button__link has-dark-color has-light-background-color has-text-color has-background has-link-color has-large-font-size has-custom-font-size wp-element-button\" href=\"https:\/\/ts.la\/matthew38284\" target=\"_blank\" rel=\"noreferrer noopener\">Tesla henvisningskode link<\/a><\/div>\n<\/div>\n\n<p><\/p>\n","protected":false},"excerpt":{"rendered":"<p>TESLA-HENVISNINGER Udnyt din rabat F\u00e5 3.500 kr. rabat p\u00e5 din nye Tesla med vores henvisningskode. Tesla-henvisninger Vi tilbyder henvisningskoder til rabatter p\u00e5 k\u00f8b af Tesla-biler, samt information om modeller og priser. Udnyt den direkte rabat! Udnyt din rabat F\u00e5 3.500 kr. i rabat p\u00e5 din nye Tesla. K\u00f8b en ny Tesla, og f\u00e5 \u00f8jeblikkelig rabat [&hellip;]<\/p>\n","protected":false},"author":1,"featured_media":335,"parent":0,"menu_order":0,"comment_status":"closed","ping_status":"closed","template":"","meta":{"footnotes":""},"class_list":["post-334","page","type-page","status-publish","has-post-thumbnail","hentry"],"yoast_head":"<!-- This site is optimized with the Yoast SEO plugin v27.2 - https:\/\/yoast.com\/product\/yoast-seo-wordpress\/ -->\n<title>Tesla henvisningskode, 3.500 kr. rabat<\/title>\n<meta name=\"description\" content=\"Udnyt din direkte rabat p\u00e5 3.500 kr. p\u00e5 k\u00f8b af din nye Tesla med vores Tesla-henvisningskode. Links er ikke udl\u00f8bet.\" \/>\n<meta name=\"robots\" content=\"index, follow, max-snippet:-1, max-image-preview:large, max-video-preview:-1\" \/>\n<link rel=\"canonical\" href=\"https:\/\/referidos-tesla.com\/da\/\" \/>\n<meta property=\"og:locale\" content=\"da_DK\" \/>\n<meta property=\"og:type\" content=\"article\" \/>\n<meta property=\"og:title\" content=\"Tesla henvisningskode, 3.500 kr. rabat\" \/>\n<meta property=\"og:description\" content=\"Udnyt din direkte rabat p\u00e5 3.500 kr. p\u00e5 k\u00f8b af din nye Tesla med vores Tesla-henvisningskode. Links er ikke udl\u00f8bet.\" \/>\n<meta property=\"og:url\" content=\"https:\/\/referidos-tesla.com\/da\/\" \/>\n<meta property=\"og:site_name\" content=\"Tesla Referral Codes\" \/>\n<meta property=\"article:modified_time\" content=\"2025-05-26T19:14:22+00:00\" \/>\n<meta property=\"og:image\" content=\"https:\/\/referidos-tesla.com\/wp-content\/uploads\/referidos-tesla-codigo-descuento-500.jpeg?wsr\" \/>\n\t<meta property=\"og:image:width\" content=\"1200\" \/>\n\t<meta property=\"og:image:height\" content=\"674\" \/>\n\t<meta property=\"og:image:type\" content=\"image\/jpeg\" \/>\n<meta name=\"twitter:card\" content=\"summary_large_image\" \/>\n<meta name=\"twitter:label1\" content=\"Estimeret l\u00e6setid\" \/>\n\t<meta name=\"twitter:data1\" content=\"1 minut\" \/>\n<script type=\"application\/ld+json\" class=\"yoast-schema-graph\">{\"@context\":\"https:\/\/schema.org\",\"@graph\":[{\"@type\":\"WebPage\",\"@id\":\"https:\/\/referidos-tesla.com\/da\/\",\"url\":\"https:\/\/referidos-tesla.com\/da\/\",\"name\":\"Tesla henvisningskode, 3.500 kr. rabat\",\"isPartOf\":{\"@id\":\"https:\/\/referidos-tesla.com\/da\/#website\"},\"primaryImageOfPage\":{\"@id\":\"https:\/\/referidos-tesla.com\/da\/#primaryimage\"},\"image\":{\"@id\":\"https:\/\/referidos-tesla.com\/da\/#primaryimage\"},\"thumbnailUrl\":\"https:\/\/referidos-tesla.com\/wp-content\/uploads\/referidos-tesla-codigo-descuento-500.jpeg?wsr\",\"datePublished\":\"2024-12-21T11:57:10+00:00\",\"dateModified\":\"2025-05-26T19:14:22+00:00\",\"description\":\"Udnyt din direkte rabat p\u00e5 3.500 kr. p\u00e5 k\u00f8b af din nye Tesla med vores Tesla-henvisningskode. Links er ikke udl\u00f8bet.\",\"breadcrumb\":{\"@id\":\"https:\/\/referidos-tesla.com\/da\/#breadcrumb\"},\"inLanguage\":\"da-DK\",\"potentialAction\":[{\"@type\":\"ReadAction\",\"target\":[\"https:\/\/referidos-tesla.com\/da\/\"]}]},{\"@type\":\"ImageObject\",\"inLanguage\":\"da-DK\",\"@id\":\"https:\/\/referidos-tesla.com\/da\/#primaryimage\",\"url\":\"https:\/\/referidos-tesla.com\/wp-content\/uploads\/referidos-tesla-codigo-descuento-500.jpeg?wsr\",\"contentUrl\":\"https:\/\/referidos-tesla.com\/wp-content\/uploads\/referidos-tesla-codigo-descuento-500.jpeg?wsr\",\"width\":1200,\"height\":674},{\"@type\":\"BreadcrumbList\",\"@id\":\"https:\/\/referidos-tesla.com\/da\/#breadcrumb\",\"itemListElement\":[{\"@type\":\"ListItem\",\"position\":1,\"name\":\"Home\",\"item\":\"https:\/\/referidos-tesla.com\/da\/\"},{\"@type\":\"ListItem\",\"position\":2,\"name\":\"Starte\"}]},{\"@type\":\"WebSite\",\"@id\":\"https:\/\/referidos-tesla.com\/da\/#website\",\"url\":\"https:\/\/referidos-tesla.com\/da\/\",\"name\":\"Referidos Tesla\",\"description\":\"codigos descuento compra tesla\",\"publisher\":{\"@id\":\"https:\/\/referidos-tesla.com\/da\/#organization\"},\"potentialAction\":[{\"@type\":\"SearchAction\",\"target\":{\"@type\":\"EntryPoint\",\"urlTemplate\":\"https:\/\/referidos-tesla.com\/da\/?s={search_term_string}\"},\"query-input\":{\"@type\":\"PropertyValueSpecification\",\"valueRequired\":true,\"valueName\":\"search_term_string\"}}],\"inLanguage\":\"da-DK\"},{\"@type\":\"Organization\",\"@id\":\"https:\/\/referidos-tesla.com\/da\/#organization\",\"name\":\"Referidos Tesla\",\"url\":\"https:\/\/referidos-tesla.com\/da\/\",\"logo\":{\"@type\":\"ImageObject\",\"inLanguage\":\"da-DK\",\"@id\":\"https:\/\/referidos-tesla.com\/da\/#\/schema\/logo\/image\/\",\"url\":\"https:\/\/referidos-tesla.com\/wp-content\/uploads\/Tesla-referidos-7.png\",\"contentUrl\":\"https:\/\/referidos-tesla.com\/wp-content\/uploads\/Tesla-referidos-7.png\",\"width\":2048,\"height\":508,\"caption\":\"Referidos Tesla\"},\"image\":{\"@id\":\"https:\/\/referidos-tesla.com\/da\/#\/schema\/logo\/image\/\"}}]}<\/script>\n<!-- \/ Yoast SEO plugin. -->","yoast_head_json":{"title":"Tesla henvisningskode, 3.500 kr. rabat","description":"Udnyt din direkte rabat p\u00e5 3.500 kr. p\u00e5 k\u00f8b af din nye Tesla med vores Tesla-henvisningskode. Links er ikke udl\u00f8bet.","robots":{"index":"index","follow":"follow","max-snippet":"max-snippet:-1","max-image-preview":"max-image-preview:large","max-video-preview":"max-video-preview:-1"},"canonical":"https:\/\/referidos-tesla.com\/da\/","og_locale":"da_DK","og_type":"article","og_title":"Tesla henvisningskode, 3.500 kr. rabat","og_description":"Udnyt din direkte rabat p\u00e5 3.500 kr. p\u00e5 k\u00f8b af din nye Tesla med vores Tesla-henvisningskode. Links er ikke udl\u00f8bet.","og_url":"https:\/\/referidos-tesla.com\/da\/","og_site_name":"Tesla Referral Codes","article_modified_time":"2025-05-26T19:14:22+00:00","og_image":[{"width":1200,"height":674,"url":"https:\/\/referidos-tesla.com\/wp-content\/uploads\/referidos-tesla-codigo-descuento-500.jpeg?wsr","type":"image\/jpeg"}],"twitter_card":"summary_large_image","twitter_misc":{"Estimeret l\u00e6setid":"1 minut"},"schema":{"@context":"https:\/\/schema.org","@graph":[{"@type":"WebPage","@id":"https:\/\/referidos-tesla.com\/da\/","url":"https:\/\/referidos-tesla.com\/da\/","name":"Tesla henvisningskode, 3.500 kr. rabat","isPartOf":{"@id":"https:\/\/referidos-tesla.com\/da\/#website"},"primaryImageOfPage":{"@id":"https:\/\/referidos-tesla.com\/da\/#primaryimage"},"image":{"@id":"https:\/\/referidos-tesla.com\/da\/#primaryimage"},"thumbnailUrl":"https:\/\/referidos-tesla.com\/wp-content\/uploads\/referidos-tesla-codigo-descuento-500.jpeg?wsr","datePublished":"2024-12-21T11:57:10+00:00","dateModified":"2025-05-26T19:14:22+00:00","description":"Udnyt din direkte rabat p\u00e5 3.500 kr. p\u00e5 k\u00f8b af din nye Tesla med vores Tesla-henvisningskode. Links er ikke udl\u00f8bet.","breadcrumb":{"@id":"https:\/\/referidos-tesla.com\/da\/#breadcrumb"},"inLanguage":"da-DK","potentialAction":[{"@type":"ReadAction","target":["https:\/\/referidos-tesla.com\/da\/"]}]},{"@type":"ImageObject","inLanguage":"da-DK","@id":"https:\/\/referidos-tesla.com\/da\/#primaryimage","url":"https:\/\/referidos-tesla.com\/wp-content\/uploads\/referidos-tesla-codigo-descuento-500.jpeg?wsr","contentUrl":"https:\/\/referidos-tesla.com\/wp-content\/uploads\/referidos-tesla-codigo-descuento-500.jpeg?wsr","width":1200,"height":674},{"@type":"BreadcrumbList","@id":"https:\/\/referidos-tesla.com\/da\/#breadcrumb","itemListElement":[{"@type":"ListItem","position":1,"name":"Home","item":"https:\/\/referidos-tesla.com\/da\/"},{"@type":"ListItem","position":2,"name":"Starte"}]},{"@type":"WebSite","@id":"https:\/\/referidos-tesla.com\/da\/#website","url":"https:\/\/referidos-tesla.com\/da\/","name":"Referidos Tesla","description":"codigos descuento compra tesla","publisher":{"@id":"https:\/\/referidos-tesla.com\/da\/#organization"},"potentialAction":[{"@type":"SearchAction","target":{"@type":"EntryPoint","urlTemplate":"https:\/\/referidos-tesla.com\/da\/?s={search_term_string}"},"query-input":{"@type":"PropertyValueSpecification","valueRequired":true,"valueName":"search_term_string"}}],"inLanguage":"da-DK"},{"@type":"Organization","@id":"https:\/\/referidos-tesla.com\/da\/#organization","name":"Referidos Tesla","url":"https:\/\/referidos-tesla.com\/da\/","logo":{"@type":"ImageObject","inLanguage":"da-DK","@id":"https:\/\/referidos-tesla.com\/da\/#\/schema\/logo\/image\/","url":"https:\/\/referidos-tesla.com\/wp-content\/uploads\/Tesla-referidos-7.png","contentUrl":"https:\/\/referidos-tesla.com\/wp-content\/uploads\/Tesla-referidos-7.png","width":2048,"height":508,"caption":"Referidos Tesla"},"image":{"@id":"https:\/\/referidos-tesla.com\/da\/#\/schema\/logo\/image\/"}}]}},"_links":{"self":[{"href":"https:\/\/referidos-tesla.com\/da\/wp-json\/wp\/v2\/pages\/334","targetHints":{"allow":["GET"]}}],"collection":[{"href":"https:\/\/referidos-tesla.com\/da\/wp-json\/wp\/v2\/pages"}],"about":[{"href":"https:\/\/referidos-tesla.com\/da\/wp-json\/wp\/v2\/types\/page"}],"author":[{"embeddable":true,"href":"https:\/\/referidos-tesla.com\/da\/wp-json\/wp\/v2\/users\/1"}],"replies":[{"embeddable":true,"href":"https:\/\/referidos-tesla.com\/da\/wp-json\/wp\/v2\/comments?post=334"}],"version-history":[{"count":5,"href":"https:\/\/referidos-tesla.com\/da\/wp-json\/wp\/v2\/pages\/334\/revisions"}],"predecessor-version":[{"id":345,"href":"https:\/\/referidos-tesla.com\/da\/wp-json\/wp\/v2\/pages\/334\/revisions\/345"}],"wp:featuredmedia":[{"embeddable":true,"href":"https:\/\/referidos-tesla.com\/da\/wp-json\/wp\/v2\/media\/335"}],"wp:attachment":[{"href":"https:\/\/referidos-tesla.com\/da\/wp-json\/wp\/v2\/media?parent=334"}],"curies":[{"name":"wp","href":"https:\/\/api.w.org\/{rel}","templated":true}]}}