{"id":354,"date":"2024-12-21T11:57:10","date_gmt":"2024-12-21T11:57:10","guid":{"rendered":"https:\/\/referidos-tesla.com\/start\/"},"modified":"2025-05-27T09:35:49","modified_gmt":"2025-05-27T09:35:49","slug":"start","status":"publish","type":"page","link":"https:\/\/referidos-tesla.com\/sv\/","title":{"rendered":"Start"},"content":{"rendered":"\n<div class=\"wp-block-group alignfull hostinger-ai-hero-1 hostinger-ai-fade-up has-color-1-background-color has-background has-global-padding is-layout-constrained wp-block-group-is-layout-constrained\">\n<div class=\"wp-block-group alignwide hostinger-ai-fade-up is-layout-grid wp-container-core-group-is-layout-b2a6df44 wp-block-group-is-layout-grid\" style=\"padding-top:var(--wp--preset--spacing--60);padding-bottom:var(--wp--preset--spacing--60)\">\n<div class=\"wp-block-group hostinger-ai-fade-up wp-container-content-5e2576f9 is-vertical is-content-justification-left is-nowrap is-layout-flex wp-container-core-group-is-layout-e445e5de wp-block-group-is-layout-flex\">\n<h1 class=\"wp-block-heading has-xx-large-font-size\">TESLA-REFERENSER<\/h1>\n\n\n\n<h2 class=\"wp-block-heading hostinger-ai-title has-dark-color has-text-color has-link-color has-x-large-font-size wp-elements-1f0ab35fec6b2734ad2737af1ed8dd70\" style=\"margin-top:0;margin-right:0;margin-bottom:0;margin-left:0\">Dra nytta av din rabatt<\/h2>\n\n\n\n<p class=\"hostinger-ai-description has-dark-color has-text-color has-link-color has-medium-font-size wp-elements-d004743627007b1e181f0fde98f1d17b\" style=\"margin-top:0;margin-bottom:var(--wp--preset--spacing--50)\">F\u00e5 5 000 kr rabatt p\u00e5 din nya Tesla med v\u00e5r rekommendationskod.<\/p>\n\n\n\n<div class=\"wp-block-buttons is-layout-flex wp-block-buttons-is-layout-flex\">\n<div class=\"wp-block-button hostinger-ai-cta-button hostinger-index-0 is-style-outline is-style-outline--1\"><a class=\"wp-block-button__link has-light-color has-vivid-red-background-color has-text-color has-background has-link-color has-border-color has-dark-border-color has-large-font-size has-custom-font-size wp-element-button\" href=\"https:\/\/ts.la\/gontzal897564\" style=\"padding-top:var(--wp--preset--spacing--30);padding-right:var(--wp--preset--spacing--70);padding-bottom:var(--wp--preset--spacing--30);padding-left:var(--wp--preset--spacing--70)\" target=\"_blank\" rel=\"noreferrer noopener\">Teslas h\u00e4nvisningskod<\/a><\/div>\n<\/div>\n<\/div>\n\n\n\n<div class=\"wp-block-group hostinger-ai-fade-up has-global-padding is-layout-constrained wp-block-group-is-layout-constrained\">\n<figure class=\"wp-block-image size-full has-custom-border hostinger-ai-image\"><img decoding=\"async\" width=\"1200\" height=\"674\" src=\"https:\/\/referidos-tesla.com\/wp-content\/uploads\/referidos-tesla-codigo-descuento-500.jpeg\" alt=\"\" class=\"wp-image-33\" style=\"border-radius:8px\" srcset=\"https:\/\/referidos-tesla.com\/wp-content\/uploads\/referidos-tesla-codigo-descuento-500.jpeg 1200w, https:\/\/referidos-tesla.com\/wp-content\/uploads\/referidos-tesla-codigo-descuento-500-300x169.jpeg 300w, https:\/\/referidos-tesla.com\/wp-content\/uploads\/referidos-tesla-codigo-descuento-500-1024x575.jpeg 1024w, https:\/\/referidos-tesla.com\/wp-content\/uploads\/referidos-tesla-codigo-descuento-500-768x431.jpeg 768w\" sizes=\"(max-width: 1200px) 100vw, 1200px\" \/><\/figure>\n<\/div>\n<\/div>\n<\/div>\n\n<div class=\"wp-block-group alignwide hostinger-ai-about-us-4 hostinger-ai-fade-up has-global-padding is-layout-constrained wp-block-group-is-layout-constrained\" style=\"padding-top:0;padding-bottom:0\">\n<div class=\"wp-block-group alignwide hostinger-ai-fade-up is-nowrap is-layout-flex wp-container-core-group-is-layout-4ac5639c wp-block-group-is-layout-flex\" style=\"margin-bottom:0;padding-top:0;padding-bottom:var(--wp--preset--spacing--30)\">\n<div class=\"wp-block-columns is-layout-flex wp-container-core-columns-is-layout-28f84493 wp-block-columns-is-layout-flex\">\n<div class=\"wp-block-column is-layout-flow wp-block-column-is-layout-flow\" style=\"flex-basis:50%\">\n<h2 class=\"wp-block-heading hostinger-ai-title has-x-large-font-size\" style=\"margin-bottom:0\">Tesla-referenser<\/h2>\n<\/div>\n\n\n\n<div class=\"wp-block-column is-vertically-aligned-center has-small-font-size has-global-padding is-layout-constrained wp-block-column-is-layout-constrained\" style=\"flex-basis:50%\">\n<p class=\"hostinger-ai-description has-medium-font-size\">Vi erbjuder<strong> rekommendationskoder f\u00f6r rabatte<\/strong>r p\u00e5 k\u00f6p av Tesla-fordon, samt information om modeller och priser. Dra nytta <strong>av direktrabatten<\/strong>! <\/p>\n\n\n\n<div class=\"wp-block-buttons is-layout-flex wp-block-buttons-is-layout-flex\" style=\"margin-top:var(--wp--preset--spacing--50)\">\n<div class=\"wp-block-button hostinger-ai-cta-button hostinger-index-0 is-style-outline is-style-outline--2\"><a class=\"wp-block-button__link has-light-color has-vivid-red-background-color has-text-color has-background has-link-color has-border-color has-dark-border-color has-large-font-size has-custom-font-size wp-element-button\" href=\"https:\/\/ts.la\/gontzal897564\" style=\"padding-top:var(--wp--preset--spacing--30);padding-right:var(--wp--preset--spacing--70);padding-bottom:var(--wp--preset--spacing--30);padding-left:var(--wp--preset--spacing--70)\" target=\"_blank\" rel=\"noreferrer noopener\">Tesla Direktrabatt<\/a><\/div>\n<\/div>\n<\/div>\n<\/div>\n<\/div>\n\n\n\n<div class=\"wp-block-group alignwide image-row hostinger-ai-fade-up is-layout-grid wp-container-core-group-is-layout-5b0c00eb wp-block-group-is-layout-grid\" style=\"margin-bottom:0;padding-top:var(--wp--preset--spacing--30)\">\n<figure class=\"wp-block-image size-full has-custom-border hostinger-ai-image hostinger-index-6\"><img decoding=\"async\" width=\"900\" height=\"591\" src=\"https:\/\/referidos-tesla.com\/wp-content\/uploads\/Tesla-Model-X-referidos-descuento.jpeg\" alt=\"\" class=\"wp-image-50\" style=\"border-radius:8px\" srcset=\"https:\/\/referidos-tesla.com\/wp-content\/uploads\/Tesla-Model-X-referidos-descuento.jpeg 900w, https:\/\/referidos-tesla.com\/wp-content\/uploads\/Tesla-Model-X-referidos-descuento-300x197.jpeg 300w, https:\/\/referidos-tesla.com\/wp-content\/uploads\/Tesla-Model-X-referidos-descuento-768x504.jpeg 768w\" sizes=\"(max-width: 900px) 100vw, 900px\" \/><\/figure>\n\n\n\n<figure class=\"wp-block-image alignfull size-full has-custom-border hostinger-ai-image hostinger-index-7\"><img decoding=\"async\" width=\"900\" height=\"567\" src=\"https:\/\/referidos-tesla.com\/wp-content\/uploads\/Tesla-Model-Y-referidos-descuento.jpeg\" alt=\"\" class=\"wp-image-49\" style=\"border-radius:8px\" srcset=\"https:\/\/referidos-tesla.com\/wp-content\/uploads\/Tesla-Model-Y-referidos-descuento.jpeg 900w, https:\/\/referidos-tesla.com\/wp-content\/uploads\/Tesla-Model-Y-referidos-descuento-300x189.jpeg 300w, https:\/\/referidos-tesla.com\/wp-content\/uploads\/Tesla-Model-Y-referidos-descuento-768x484.jpeg 768w\" sizes=\"(max-width: 900px) 100vw, 900px\" \/><\/figure>\n<\/div>\n<\/div>\n\n<figure class=\"wp-block-image alignwide size-large has-custom-border\"><img decoding=\"async\" width=\"1024\" height=\"376\" src=\"https:\/\/referidos-tesla.com\/wp-content\/uploads\/Model-Y-2-Redesigned-Desktop-1024x376.avif\" alt=\"nya Tesla Model Y\" class=\"wp-image-148\" style=\"border-radius:10px\" srcset=\"https:\/\/referidos-tesla.com\/wp-content\/uploads\/Model-Y-2-Redesigned-Desktop-1024x376.avif 1024w, https:\/\/referidos-tesla.com\/wp-content\/uploads\/Model-Y-2-Redesigned-Desktop-300x110.avif 300w, https:\/\/referidos-tesla.com\/wp-content\/uploads\/Model-Y-2-Redesigned-Desktop-768x282.avif 768w, https:\/\/referidos-tesla.com\/wp-content\/uploads\/Model-Y-2-Redesigned-Desktop-1536x565.avif 1536w, https:\/\/referidos-tesla.com\/wp-content\/uploads\/Model-Y-2-Redesigned-Desktop-2048x753.avif 2048w\" sizes=\"(max-width: 1024px) 100vw, 1024px\" \/><\/figure>\n\n<div class=\"wp-block-group alignfull hostinger-ai-solid-block hostinger-ai-fade-up has-color-1-background-color has-background has-global-padding is-layout-constrained wp-block-group-is-layout-constrained\" style=\"padding-top:var(--wp--preset--spacing--60);padding-bottom:var(--wp--preset--spacing--60)\">\n<div class=\"wp-block-group alignwide hostinger-ai-fade-up is-vertical is-content-justification-center is-nowrap is-layout-flex wp-container-core-group-is-layout-4cc6ee0a wp-block-group-is-layout-flex\" style=\"min-height:0px;padding-top:0;padding-bottom:0\">\n<div class=\"wp-block-group hostinger-ai-fade-up wp-container-content-69bc4bdf has-global-padding is-content-justification-center is-layout-constrained wp-container-core-group-is-layout-78267832 wp-block-group-is-layout-constrained\">\n<h3 class=\"wp-block-heading has-text-align-center hostinger-ai-title has-dark-color has-text-color has-link-color has-x-large-font-size wp-elements-b65dfca6773aca96cc9fffbb5cfcb6bf\" style=\"margin-top:0;margin-right:0;margin-bottom:0;margin-left:0\">Dra nytta av din rabatt<\/h3>\n\n\n\n<p class=\"has-text-align-center hostinger-ai-description has-dark-color has-text-color has-link-color has-medium-font-size wp-elements-1e8f2b628deae475bda06e0589c14dfa\" style=\"margin-top:var(--wp--preset--spacing--20);margin-bottom:var(--wp--preset--spacing--50)\">F\u00e5 5 000 kr rabatt p\u00e5 din nya Tesla. K\u00f6p en ny Tesla s\u00e5 f\u00e5r du omedelbar rabatt p\u00e5 slutpriset. <\/p>\n\n\n\n<div class=\"wp-block-buttons is-content-justification-center is-layout-flex wp-container-core-buttons-is-layout-a89b3969 wp-block-buttons-is-layout-flex\">\n<div class=\"wp-block-button hostinger-ai-cta-button is-style-outline is-style-outline--3\"><a class=\"wp-block-button__link has-light-color has-vivid-red-background-color has-text-color has-background has-link-color has-border-color has-dark-border-color has-large-font-size has-custom-font-size wp-element-button\" href=\"https:\/\/ts.la\/gontzal897564\" style=\"padding-top:var(--wp--preset--spacing--30);padding-right:var(--wp--preset--spacing--70);padding-bottom:var(--wp--preset--spacing--30);padding-left:var(--wp--preset--spacing--70)\" target=\"_blank\" rel=\"noreferrer noopener\">Tesla-rekommendationsl\u00e4nk<\/a><\/div>\n<\/div>\n<\/div>\n<\/div>\n<\/div>\n\n<div class=\"wp-block-group alignfull hostinger-ai-fade-up has-global-padding is-layout-constrained wp-block-group-is-layout-constrained\">\n<div class=\"wp-block-group alignwide hostinger-ai-fade-up has-global-padding is-content-justification-left is-layout-constrained wp-container-core-group-is-layout-12dd3699 wp-block-group-is-layout-constrained\">\n<h2 class=\"wp-block-heading is-style-default hostinger-ai-title has-dark-color has-text-color has-link-color has-x-large-font-size wp-elements-87ac2cffa0fbbb4196802aa8b2c554c3\" style=\"margin-bottom:var(--wp--preset--spacing--50)\">Tesla-h\u00e4nvisningskoder<\/h2>\n\n\n\n<div class=\"wp-block-group alignwide hostinger-ai-fade-up is-layout-grid wp-container-core-group-is-layout-29271053 wp-block-group-is-layout-grid\">\n<div class=\"wp-block-group hostinger-ai-fade-up has-global-padding is-layout-constrained wp-container-core-group-is-layout-29a8626f wp-block-group-is-layout-constrained\" style=\"padding-top:0;padding-right:var(--wp--preset--spacing--20);padding-bottom:0;padding-left:var(--wp--preset--spacing--20)\">\n<figure class=\"wp-block-image size-full is-resized has-custom-border hostinger-ai-service-image\"><img decoding=\"async\" width=\"900\" height=\"604\" src=\"https:\/\/referidos-tesla.com\/wp-content\/uploads\/Tesla-Model-S-referidos-descuento.jpeg\" alt=\"\" class=\"wp-image-51\" style=\"border-radius:8px;width:516px;height:auto\" srcset=\"https:\/\/referidos-tesla.com\/wp-content\/uploads\/Tesla-Model-S-referidos-descuento.jpeg 900w, https:\/\/referidos-tesla.com\/wp-content\/uploads\/Tesla-Model-S-referidos-descuento-300x201.jpeg 300w, https:\/\/referidos-tesla.com\/wp-content\/uploads\/Tesla-Model-S-referidos-descuento-768x515.jpeg 768w\" sizes=\"(max-width: 900px) 100vw, 900px\" \/><\/figure>\n\n\n\n<p class=\"hostinger-ai-service-description has-dark-color has-text-color has-link-color has-medium-font-size wp-elements-6bf9dd11782256a63aa9cb5b8d57276d\" style=\"margin-top:var(--wp--preset--spacing--40)\">F\u00e5 direktrabatter p\u00e5 5000 kr vid k\u00f6p av din nya Tesla med v\u00e5r kod.<\/p>\n<\/div>\n\n\n\n<div class=\"wp-block-group hostinger-ai-fade-up has-global-padding is-layout-constrained wp-container-core-group-is-layout-c9115f92 wp-block-group-is-layout-constrained\" style=\"padding-right:var(--wp--preset--spacing--20);padding-left:var(--wp--preset--spacing--20)\">\n<figure class=\"wp-block-image size-full is-resized has-custom-border hostinger-ai-service-image hostinger-index-1\"><img decoding=\"async\" width=\"900\" height=\"465\" src=\"https:\/\/referidos-tesla.com\/wp-content\/uploads\/Tesla-Model-3-referidos-descuentos.jpeg\" alt=\"\" class=\"wp-image-52\" style=\"border-radius:8px;width:516px;height:auto\" srcset=\"https:\/\/referidos-tesla.com\/wp-content\/uploads\/Tesla-Model-3-referidos-descuentos.jpeg 900w, https:\/\/referidos-tesla.com\/wp-content\/uploads\/Tesla-Model-3-referidos-descuentos-300x155.jpeg 300w, https:\/\/referidos-tesla.com\/wp-content\/uploads\/Tesla-Model-3-referidos-descuentos-768x397.jpeg 768w\" sizes=\"(max-width: 900px) 100vw, 900px\" \/><\/figure>\n\n\n\n<p class=\"hostinger-ai-service-description hostinger-index-1 has-dark-color has-text-color has-link-color has-medium-font-size wp-elements-bced43b136fbb7c736e3d65d4c11939d\" style=\"margin-top:var(--wp--preset--spacing--40)\">Utforska detaljerad information om Tesla-modeller, priser och funktioner p\u00e5 v\u00e5r webbplats.<\/p>\n\n\n\n<h4 class=\"wp-block-heading has-large-font-size\"><a href=\"https:\/\/referidos-tesla.com\/modelos\/\">&gt; Utforska modellerna <br\/><\/a><a href=\"https:\/\/referidos-tesla.com\/precios\/\">&gt; Priser utan rabatter<\/a><\/h4>\n\n\n\n<p><em>*Rabatter g\u00e4ller inte Moves-planen, Tesla-rabatter och andra rabatter.<\/em><\/p>\n<\/div>\n<\/div>\n<\/div>\n<\/div>\n\n<div class=\"wp-block-group alignfull hostinger-ai-customer-reviews-2 hostinger-ai-fade-up has-color-2-background-color has-background has-global-padding is-layout-constrained wp-block-group-is-layout-constrained\" style=\"padding-top:var(--wp--preset--spacing--60);padding-bottom:var(--wp--preset--spacing--60)\">\n<div class=\"wp-block-columns alignwide is-layout-flex wp-container-core-columns-is-layout-28f84493 wp-block-columns-is-layout-flex\">\n<div class=\"wp-block-column is-layout-flow wp-block-column-is-layout-flow\">\n<figure class=\"wp-block-image aligncenter size-full is-resized has-custom-border hostinger-ai-testimonial-image hostinger-index-2\"><img decoding=\"async\" width=\"1200\" height=\"765\" src=\"https:\/\/referidos-tesla.com\/wp-content\/uploads\/referidos-tesla-codigo-descuento-501.jpeg\" alt=\"\" class=\"wp-image-34\" style=\"border-radius:8px;width:412px;height:auto\" srcset=\"https:\/\/referidos-tesla.com\/wp-content\/uploads\/referidos-tesla-codigo-descuento-501.jpeg 1200w, https:\/\/referidos-tesla.com\/wp-content\/uploads\/referidos-tesla-codigo-descuento-501-300x191.jpeg 300w, https:\/\/referidos-tesla.com\/wp-content\/uploads\/referidos-tesla-codigo-descuento-501-1024x653.jpeg 1024w, https:\/\/referidos-tesla.com\/wp-content\/uploads\/referidos-tesla-codigo-descuento-501-768x490.jpeg 768w\" sizes=\"(max-width: 1200px) 100vw, 1200px\" \/><\/figure>\n<\/div>\n\n\n\n<div class=\"wp-block-column is-vertically-aligned-center is-layout-flow wp-block-column-is-layout-flow\">\n<div class=\"wp-block-group hostinger-ai-fade-up wp-container-content-69bc4bdf is-vertical is-content-justification-left is-nowrap is-layout-flex wp-container-core-group-is-layout-c11d071d wp-block-group-is-layout-flex\" style=\"padding-right:0;padding-left:0\">\n<p class=\"hostinger-ai-subtitle has-light-color has-text-color has-link-color has-medium-font-size wp-elements-17258edd61c0b55f1b7b5d560f3cac38\" style=\"margin-top:0;margin-bottom:var(--wp--preset--spacing--20)\">Kundrecensioner<\/p>\n\n\n\n<p class=\"hostinger-ai-testimonial-text hostinger-ai-font-bold hostinger-index-2 has-light-color has-text-color has-link-color wp-elements-d8daaba8a9767e644ea8fe5c1a0ae96a\" style=\"margin-top:0;margin-bottom:var(--wp--preset--spacing--50);font-size:clamp(14.082px, 0.88rem + ((1vw - 3.2px) * 0.678), 21px);\">&#8221;Fantastisk upplevelse! Tack vare rekommendationskoderna fick jag 5000 kr rabatt p\u00e5 min nya Tesla. Jag rekommenderar alla att prova det!&#8221;  <\/p>\n<\/div>\n<\/div>\n<\/div>\n<\/div>\n\n<div class=\"wp-block-buttons has-custom-font-size has-large-font-size is-content-justification-center is-layout-flex wp-container-core-buttons-is-layout-f00647b7 wp-block-buttons-is-layout-flex\" style=\"border-width:2px;margin-top:var(--wp--preset--spacing--80);margin-bottom:var(--wp--preset--spacing--80);padding-top:0;padding-right:0;padding-bottom:0;padding-left:0\">\n<div class=\"wp-block-button is-style-fill\"><a class=\"wp-block-button__link has-dark-color has-light-background-color has-text-color has-background has-link-color has-large-font-size has-custom-font-size wp-element-button\" href=\"https:\/\/ts.la\/gontzal897564\" target=\"_blank\" rel=\"noreferrer noopener\">L\u00e4nk till Tesla-rekommendationskod<\/a><\/div>\n<\/div>\n\n<p><\/p>\n","protected":false},"excerpt":{"rendered":"<p>TESLA-REFERENSER Dra nytta av din rabatt F\u00e5 5 000 kr rabatt p\u00e5 din nya Tesla med v\u00e5r rekommendationskod. Tesla-referenser Vi erbjuder rekommendationskoder f\u00f6r rabatter p\u00e5 k\u00f6p av Tesla-fordon, samt information om modeller och priser. Dra nytta av direktrabatten! Dra nytta av din rabatt F\u00e5 5 000 kr rabatt p\u00e5 din nya Tesla. K\u00f6p en ny [&hellip;]<\/p>\n","protected":false},"author":1,"featured_media":355,"parent":0,"menu_order":0,"comment_status":"closed","ping_status":"closed","template":"","meta":{"footnotes":""},"class_list":["post-354","page","type-page","status-publish","has-post-thumbnail","hentry"],"yoast_head":"<!-- This site is optimized with the Yoast SEO plugin v27.5 - https:\/\/yoast.com\/product\/yoast-seo-wordpress\/ -->\n<title>Tesla-rekommendationskod, 5000 kr rabatt<\/title>\n<meta name=\"description\" content=\"Dra nytta av din direktrabatt p\u00e5 5 000 kr vid k\u00f6p av din nya Tesla med v\u00e5r Tesla-rekommendationskod. L\u00e4nkar har inte utg\u00e5ngit.\" \/>\n<meta name=\"robots\" content=\"index, follow, max-snippet:-1, max-image-preview:large, max-video-preview:-1\" \/>\n<link rel=\"canonical\" href=\"https:\/\/referidos-tesla.com\/sv\/\" \/>\n<meta property=\"og:locale\" content=\"sv_SE\" \/>\n<meta property=\"og:type\" content=\"article\" \/>\n<meta property=\"og:title\" content=\"Tesla-rekommendationskod, 5000 kr rabatt\" \/>\n<meta property=\"og:description\" content=\"Dra nytta av din direktrabatt p\u00e5 5 000 kr vid k\u00f6p av din nya Tesla med v\u00e5r Tesla-rekommendationskod. L\u00e4nkar har inte utg\u00e5ngit.\" \/>\n<meta property=\"og:url\" content=\"https:\/\/referidos-tesla.com\/sv\/\" \/>\n<meta property=\"og:site_name\" content=\"Tesla Referral Codes\" \/>\n<meta property=\"article:modified_time\" content=\"2025-05-27T09:35:49+00:00\" \/>\n<meta property=\"og:image\" content=\"https:\/\/referidos-tesla.com\/wp-content\/uploads\/referidos-tesla-codigo-descuento-500.jpeg?wsr\" \/>\n\t<meta property=\"og:image:width\" content=\"1200\" \/>\n\t<meta property=\"og:image:height\" content=\"674\" \/>\n\t<meta property=\"og:image:type\" content=\"image\/jpeg\" \/>\n<meta name=\"twitter:card\" content=\"summary_large_image\" \/>\n<meta name=\"twitter:label1\" content=\"Ber\u00e4knad l\u00e4stid\" \/>\n\t<meta name=\"twitter:data1\" content=\"1 minut\" \/>\n<script type=\"application\/ld+json\" class=\"yoast-schema-graph\">{\"@context\":\"https:\\\/\\\/schema.org\",\"@graph\":[{\"@type\":\"WebPage\",\"@id\":\"https:\\\/\\\/referidos-tesla.com\\\/sv\\\/\",\"url\":\"https:\\\/\\\/referidos-tesla.com\\\/sv\\\/\",\"name\":\"Tesla-rekommendationskod, 5000 kr rabatt\",\"isPartOf\":{\"@id\":\"https:\\\/\\\/referidos-tesla.com\\\/sv\\\/#website\"},\"primaryImageOfPage\":{\"@id\":\"https:\\\/\\\/referidos-tesla.com\\\/sv\\\/#primaryimage\"},\"image\":{\"@id\":\"https:\\\/\\\/referidos-tesla.com\\\/sv\\\/#primaryimage\"},\"thumbnailUrl\":\"https:\\\/\\\/referidos-tesla.com\\\/wp-content\\\/uploads\\\/referidos-tesla-codigo-descuento-500.jpeg?wsr\",\"datePublished\":\"2024-12-21T11:57:10+00:00\",\"dateModified\":\"2025-05-27T09:35:49+00:00\",\"description\":\"Dra nytta av din direktrabatt p\u00e5 5 000 kr vid k\u00f6p av din nya Tesla med v\u00e5r Tesla-rekommendationskod. L\u00e4nkar har inte utg\u00e5ngit.\",\"breadcrumb\":{\"@id\":\"https:\\\/\\\/referidos-tesla.com\\\/sv\\\/#breadcrumb\"},\"inLanguage\":\"sv-SE\",\"potentialAction\":[{\"@type\":\"ReadAction\",\"target\":[\"https:\\\/\\\/referidos-tesla.com\\\/sv\\\/\"]}]},{\"@type\":\"ImageObject\",\"inLanguage\":\"sv-SE\",\"@id\":\"https:\\\/\\\/referidos-tesla.com\\\/sv\\\/#primaryimage\",\"url\":\"https:\\\/\\\/referidos-tesla.com\\\/wp-content\\\/uploads\\\/referidos-tesla-codigo-descuento-500.jpeg?wsr\",\"contentUrl\":\"https:\\\/\\\/referidos-tesla.com\\\/wp-content\\\/uploads\\\/referidos-tesla-codigo-descuento-500.jpeg?wsr\",\"width\":1200,\"height\":674},{\"@type\":\"BreadcrumbList\",\"@id\":\"https:\\\/\\\/referidos-tesla.com\\\/sv\\\/#breadcrumb\",\"itemListElement\":[{\"@type\":\"ListItem\",\"position\":1,\"name\":\"Home\",\"item\":\"https:\\\/\\\/referidos-tesla.com\\\/sv\\\/start\\\/\"},{\"@type\":\"ListItem\",\"position\":2,\"name\":\"Start\"}]},{\"@type\":\"WebSite\",\"@id\":\"https:\\\/\\\/referidos-tesla.com\\\/sv\\\/#website\",\"url\":\"https:\\\/\\\/referidos-tesla.com\\\/sv\\\/\",\"name\":\"Referidos Tesla\",\"description\":\"codigos descuento compra tesla\",\"publisher\":{\"@id\":\"https:\\\/\\\/referidos-tesla.com\\\/sv\\\/#organization\"},\"potentialAction\":[{\"@type\":\"SearchAction\",\"target\":{\"@type\":\"EntryPoint\",\"urlTemplate\":\"https:\\\/\\\/referidos-tesla.com\\\/sv\\\/?s={search_term_string}\"},\"query-input\":{\"@type\":\"PropertyValueSpecification\",\"valueRequired\":true,\"valueName\":\"search_term_string\"}}],\"inLanguage\":\"sv-SE\"},{\"@type\":\"Organization\",\"@id\":\"https:\\\/\\\/referidos-tesla.com\\\/sv\\\/#organization\",\"name\":\"Referidos Tesla\",\"url\":\"https:\\\/\\\/referidos-tesla.com\\\/sv\\\/\",\"logo\":{\"@type\":\"ImageObject\",\"inLanguage\":\"sv-SE\",\"@id\":\"https:\\\/\\\/referidos-tesla.com\\\/sv\\\/#\\\/schema\\\/logo\\\/image\\\/\",\"url\":\"https:\\\/\\\/referidos-tesla.com\\\/wp-content\\\/uploads\\\/Tesla-referidos-7.png\",\"contentUrl\":\"https:\\\/\\\/referidos-tesla.com\\\/wp-content\\\/uploads\\\/Tesla-referidos-7.png\",\"width\":2048,\"height\":508,\"caption\":\"Referidos Tesla\"},\"image\":{\"@id\":\"https:\\\/\\\/referidos-tesla.com\\\/sv\\\/#\\\/schema\\\/logo\\\/image\\\/\"}}]}<\/script>\n<!-- \/ Yoast SEO plugin. -->","yoast_head_json":{"title":"Tesla-rekommendationskod, 5000 kr rabatt","description":"Dra nytta av din direktrabatt p\u00e5 5 000 kr vid k\u00f6p av din nya Tesla med v\u00e5r Tesla-rekommendationskod. L\u00e4nkar har inte utg\u00e5ngit.","robots":{"index":"index","follow":"follow","max-snippet":"max-snippet:-1","max-image-preview":"max-image-preview:large","max-video-preview":"max-video-preview:-1"},"canonical":"https:\/\/referidos-tesla.com\/sv\/","og_locale":"sv_SE","og_type":"article","og_title":"Tesla-rekommendationskod, 5000 kr rabatt","og_description":"Dra nytta av din direktrabatt p\u00e5 5 000 kr vid k\u00f6p av din nya Tesla med v\u00e5r Tesla-rekommendationskod. L\u00e4nkar har inte utg\u00e5ngit.","og_url":"https:\/\/referidos-tesla.com\/sv\/","og_site_name":"Tesla Referral Codes","article_modified_time":"2025-05-27T09:35:49+00:00","og_image":[{"width":1200,"height":674,"url":"https:\/\/referidos-tesla.com\/wp-content\/uploads\/referidos-tesla-codigo-descuento-500.jpeg?wsr","type":"image\/jpeg"}],"twitter_card":"summary_large_image","twitter_misc":{"Ber\u00e4knad l\u00e4stid":"1 minut"},"schema":{"@context":"https:\/\/schema.org","@graph":[{"@type":"WebPage","@id":"https:\/\/referidos-tesla.com\/sv\/","url":"https:\/\/referidos-tesla.com\/sv\/","name":"Tesla-rekommendationskod, 5000 kr rabatt","isPartOf":{"@id":"https:\/\/referidos-tesla.com\/sv\/#website"},"primaryImageOfPage":{"@id":"https:\/\/referidos-tesla.com\/sv\/#primaryimage"},"image":{"@id":"https:\/\/referidos-tesla.com\/sv\/#primaryimage"},"thumbnailUrl":"https:\/\/referidos-tesla.com\/wp-content\/uploads\/referidos-tesla-codigo-descuento-500.jpeg?wsr","datePublished":"2024-12-21T11:57:10+00:00","dateModified":"2025-05-27T09:35:49+00:00","description":"Dra nytta av din direktrabatt p\u00e5 5 000 kr vid k\u00f6p av din nya Tesla med v\u00e5r Tesla-rekommendationskod. L\u00e4nkar har inte utg\u00e5ngit.","breadcrumb":{"@id":"https:\/\/referidos-tesla.com\/sv\/#breadcrumb"},"inLanguage":"sv-SE","potentialAction":[{"@type":"ReadAction","target":["https:\/\/referidos-tesla.com\/sv\/"]}]},{"@type":"ImageObject","inLanguage":"sv-SE","@id":"https:\/\/referidos-tesla.com\/sv\/#primaryimage","url":"https:\/\/referidos-tesla.com\/wp-content\/uploads\/referidos-tesla-codigo-descuento-500.jpeg?wsr","contentUrl":"https:\/\/referidos-tesla.com\/wp-content\/uploads\/referidos-tesla-codigo-descuento-500.jpeg?wsr","width":1200,"height":674},{"@type":"BreadcrumbList","@id":"https:\/\/referidos-tesla.com\/sv\/#breadcrumb","itemListElement":[{"@type":"ListItem","position":1,"name":"Home","item":"https:\/\/referidos-tesla.com\/sv\/start\/"},{"@type":"ListItem","position":2,"name":"Start"}]},{"@type":"WebSite","@id":"https:\/\/referidos-tesla.com\/sv\/#website","url":"https:\/\/referidos-tesla.com\/sv\/","name":"Referidos Tesla","description":"codigos descuento compra tesla","publisher":{"@id":"https:\/\/referidos-tesla.com\/sv\/#organization"},"potentialAction":[{"@type":"SearchAction","target":{"@type":"EntryPoint","urlTemplate":"https:\/\/referidos-tesla.com\/sv\/?s={search_term_string}"},"query-input":{"@type":"PropertyValueSpecification","valueRequired":true,"valueName":"search_term_string"}}],"inLanguage":"sv-SE"},{"@type":"Organization","@id":"https:\/\/referidos-tesla.com\/sv\/#organization","name":"Referidos Tesla","url":"https:\/\/referidos-tesla.com\/sv\/","logo":{"@type":"ImageObject","inLanguage":"sv-SE","@id":"https:\/\/referidos-tesla.com\/sv\/#\/schema\/logo\/image\/","url":"https:\/\/referidos-tesla.com\/wp-content\/uploads\/Tesla-referidos-7.png","contentUrl":"https:\/\/referidos-tesla.com\/wp-content\/uploads\/Tesla-referidos-7.png","width":2048,"height":508,"caption":"Referidos Tesla"},"image":{"@id":"https:\/\/referidos-tesla.com\/sv\/#\/schema\/logo\/image\/"}}]}},"_links":{"self":[{"href":"https:\/\/referidos-tesla.com\/sv\/wp-json\/wp\/v2\/pages\/354","targetHints":{"allow":["GET"]}}],"collection":[{"href":"https:\/\/referidos-tesla.com\/sv\/wp-json\/wp\/v2\/pages"}],"about":[{"href":"https:\/\/referidos-tesla.com\/sv\/wp-json\/wp\/v2\/types\/page"}],"author":[{"embeddable":true,"href":"https:\/\/referidos-tesla.com\/sv\/wp-json\/wp\/v2\/users\/1"}],"replies":[{"embeddable":true,"href":"https:\/\/referidos-tesla.com\/sv\/wp-json\/wp\/v2\/comments?post=354"}],"version-history":[{"count":1,"href":"https:\/\/referidos-tesla.com\/sv\/wp-json\/wp\/v2\/pages\/354\/revisions"}],"predecessor-version":[{"id":361,"href":"https:\/\/referidos-tesla.com\/sv\/wp-json\/wp\/v2\/pages\/354\/revisions\/361"}],"wp:featuredmedia":[{"embeddable":true,"href":"https:\/\/referidos-tesla.com\/sv\/wp-json\/wp\/v2\/media\/355"}],"wp:attachment":[{"href":"https:\/\/referidos-tesla.com\/sv\/wp-json\/wp\/v2\/media?parent=354"}],"curies":[{"name":"wp","href":"https:\/\/api.w.org\/{rel}","templated":true}]}}